{"id":7584,"date":"2016-04-15T10:44:45","date_gmt":"2016-04-15T08:44:45","guid":{"rendered":"https:\/\/www.floorbridge.com\/?page_id=7584"},"modified":"2024-06-20T14:03:07","modified_gmt":"2024-06-20T12:03:07","slug":"impressum","status":"publish","type":"page","link":"https:\/\/www.floorbridge.com\/en\/contact\/impressum\/","title":{"rendered":"Impressum"},"content":{"rendered":"<p>[et_pb_section fb_built=&#8221;1&#8243; admin_label=&#8221;section&#8221; _builder_version=&#8221;4.16&#8243; global_colors_info=&#8221;{}&#8221;][et_pb_row disabled_on=&#8221;on|on|off&#8221; _builder_version=&#8221;4.16&#8243; _module_preset=&#8221;default&#8221; global_colors_info=&#8221;{}&#8221;][et_pb_column type=&#8221;4_4&#8243; _builder_version=&#8221;4.16&#8243; _module_preset=&#8221;default&#8221; global_colors_info=&#8221;{}&#8221;][et_pb_blurb title=&#8221;IMPRESSUM&#8221; use_icon=&#8221;on&#8221; content_max_width=&#8221;100%&#8221; _builder_version=&#8221;4.16&#8243; _module_preset=&#8221;default&#8221; header_level=&#8221;h1&#8243; header_font=&#8221;|700||on|||||&#8221; header_font_size=&#8221;40px&#8221; global_colors_info=&#8221;{}&#8221;][\/et_pb_blurb][\/et_pb_column][\/et_pb_row][et_pb_row _builder_version=&#8221;4.16&#8243; _module_preset=&#8221;default&#8221; global_colors_info=&#8221;{}&#8221;][et_pb_column type=&#8221;4_4&#8243; _builder_version=&#8221;4.16&#8243; _module_preset=&#8221;default&#8221; global_colors_info=&#8221;{}&#8221;][et_pb_blurb title=&#8221;IMPRESSUM&#8221; use_icon=&#8221;on&#8221; content_max_width=&#8221;100%&#8221; disabled_on=&#8221;off|off|on&#8221; _builder_version=&#8221;4.16&#8243; _module_preset=&#8221;default&#8221; header_level=&#8221;h1&#8243; header_font=&#8221;|700||on|||||&#8221; header_font_size=&#8221;26px&#8221; global_colors_info=&#8221;{}&#8221;][\/et_pb_blurb][\/et_pb_column][\/et_pb_row][et_pb_row admin_label=&#8221;row&#8221; _builder_version=&#8221;4.16&#8243; background_size=&#8221;initial&#8221; background_position=&#8221;top_left&#8221; background_repeat=&#8221;repeat&#8221; global_colors_info=&#8221;{}&#8221;][et_pb_column type=&#8221;4_4&#8243; _builder_version=&#8221;4.16&#8243; custom_padding=&#8221;|||&#8221; global_colors_info=&#8221;{}&#8221; custom_padding__hover=&#8221;|||&#8221;][et_pb_text admin_label=&#8221;Text&#8221; _builder_version=&#8221;4.25.2&#8243; background_size=&#8221;initial&#8221; background_position=&#8221;top_left&#8221; background_repeat=&#8221;repeat&#8221; hover_enabled=&#8221;0&#8243; global_colors_info=&#8221;{}&#8221; sticky_enabled=&#8221;0&#8243;]<\/p>\n<p><strong>FloorBridge\u00ae International GmbH<\/strong><br \/>Gewerbepark 21<br \/>A-4101 Feldkirchen a.d. Donau<br \/>T: +43 7233 200 30<br \/>E-Mail: <a href=\"mailto:office@floorbridge.com\">office@floorbridge.com<\/a><\/p>\n<p>VAT-No.: ATU 67145305<br \/>Company register No.: FN 377295x<br \/>Company register court: Landesgericht Linz<br \/>Head office: Feldkirchen an der Donau<\/p>\n<p>Type of business: manufacturing and distribution of joint profiles<br \/>Member of Upper Austrian Chamber of Commerce:<br \/>National Guild Construction auxiliaries<br \/>Applicable regulations: Trade regulations: http:\/\/www.ris.bka.gv.at\/<br \/>Regulatrory body\/Trade authority: District authority Urfahr-Umgebung<\/p>\n<p>&nbsp;<\/p>\n<p><strong>Guarantee and warranty disclaimer<\/strong><br \/>This website was created with the utmost care. Nevertheless, we cannot guarantee that it is complete, up to date or free of errors. We will not be held liable for damages resulting, directly or indirectly, from the use of this website. The also applies to all links to which this website presents a direct or indirect connection.<\/p>\n<p><strong>Data protection<\/strong><br \/>All personal data collected on this website will be saved and processed solely for purposes of individual support, transfer of information or to present offers. We ensure that the information you enter will be handled in accordance with all valid data protection regulations. Data protection applies to our company data as well, transferring it without our written consent is expressly forbidden. Note regarding gender-neutral formulations: we use the female and male formulations of dear customer and business partner. Out of complete respect to both genders, our formulations apply equally to the male or female gender.<\/p>\n<p><strong>Data protection notice<\/strong><br \/>This website uses Google Analytics, a web analytics service provided by Google, Inc. (&#8220;Google&#8221;). Google Analytics uses &#8220;cookies&#8221;, which are text files placed on your computer to help the website analyse how visitors use the site. The information generated by the cookie about your use of the website (including your IP address) will be transmitted to and stored by Google on servers in the United States. Google will use this information for the purpose of evaluating your use of the website, compiling reports on website activity for website operators and providing other services relating to website activity and internet usage. Google may also transfer this information to third parties where required to do so by law, or where such third parties process the information on Google&#8217;s behalf. Google will not associate your IP address with any other data held by Google. You may refuse the use of cookies by selecting the appropriate settings on your browser, however please note that if you do this you may not be able to use the full functionality of this website. By using this website, you consent to the processing of data about you by Google in the manner and for the purposes set out above.<\/p>\n<p><strong>Google remarketing function<\/strong><br \/>With Google&#8217;s remarketing function, we can present our users with adverts based on their interests on other websites within the Google Ads network (so-called &#8220;Google Ads&#8221; or adverts on other websites). For this purpose, the interaction of users on our website is analysed in order to be able to display targeted advertising to users on other sites even after they have visited our website. For this purpose, Google stores a number in the browsers of users who visit certain Google services or websites in the Google Display Network. This number, known as a &#8220;cookie&#8221;, is used to record the visits of these users. This number is used to uniquely identify a web browser on a specific computer and not to identify a person; personal data is not stored.<br \/>The legal basis for data processing is Art. 6 para. 1 lit. f) GDPR.<br \/>You can deactivate the use of cookies by Google by installing the plug-in provided under the following link: <a href=\"http:\/\/www.google.com\/settings\/ads\/plugin\" target=\"_blank\" rel=\"noopener\">www.google.com\/settings\/ads\/plugin<\/a><\/p>\n<p>&nbsp;<\/p>\n<p>&nbsp;<\/p>\n<p>&nbsp;<\/p>\n<p>&nbsp;<\/p>\n<p>&nbsp;<\/p>\n<p>&nbsp;<\/p>\n<p>Design by CHARISM.AT &#8211; agentur &amp; mehr<\/p>\n<p>[\/et_pb_text][\/et_pb_column][\/et_pb_row][\/et_pb_section]<\/p>\n","protected":false},"excerpt":{"rendered":"<p>FloorBridge\u00ae International GmbHGewerbepark 21A-4101 Feldkirchen a.d. DonauT: +43 7233 200 30E-Mail: office@floorbridge.com VAT-No.: ATU 67145305Company register No.: FN 377295xCompany register court: Landesgericht LinzHead office: Feldkirchen an der Donau Type of business: manufacturing and distribution of joint profilesMember of Upper Austrian Chamber of Commerce:National Guild Construction auxiliariesApplicable regulations: Trade regulations: http:\/\/www.ris.bka.gv.at\/Regulatrory body\/Trade authority: District authority Urfahr-Umgebung [&hellip;]<\/p>\n","protected":false},"author":6,"featured_media":0,"parent":7578,"menu_order":0,"comment_status":"closed","ping_status":"closed","template":"","meta":{"_et_pb_use_builder":"on","_et_pb_old_content":"<p>[et_pb_section fb_built=\"1\" admin_label=\"section\" _builder_version=\"3.22\" global_colors_info=\"{}\"][et_pb_row _builder_version=\"4.10.7\" _module_preset=\"default\" hover_enabled=\"0\" global_colors_info=\"{}\" disabled_on=\"on|on|off\" sticky_enabled=\"0\"][et_pb_column type=\"4_4\" _builder_version=\"4.9.2\" _module_preset=\"default\" global_colors_info=\"{}\"][et_pb_blurb title=\"IMPRESSUM\" use_icon=\"on\" content_max_width=\"100%\" _builder_version=\"4.9.2\" _module_preset=\"default\" header_level=\"h1\" header_font=\"|700||on|||||\" header_font_size=\"40px\" global_colors_info=\"{}\"][\/et_pb_blurb][\/et_pb_column][\/et_pb_row][et_pb_row _builder_version=\"4.9.2\" _module_preset=\"default\" global_colors_info=\"{}\"][et_pb_column type=\"4_4\" _builder_version=\"4.9.2\" _module_preset=\"default\" global_colors_info=\"{}\"][et_pb_blurb title=\"IMPRESSUM\" use_icon=\"on\" content_max_width=\"100%\" _builder_version=\"4.10.7\" _module_preset=\"default\" header_level=\"h1\" header_font=\"|700||on|||||\" header_font_size=\"26px\" hover_enabled=\"0\" global_colors_info=\"{}\" disabled_on=\"off|off|on\" sticky_enabled=\"0\"][\/et_pb_blurb][\/et_pb_column][\/et_pb_row][et_pb_row admin_label=\"row\" _builder_version=\"3.25\" background_size=\"initial\" background_position=\"top_left\" background_repeat=\"repeat\" global_colors_info=\"{}\"][et_pb_column type=\"4_4\" _builder_version=\"3.25\" custom_padding=\"|||\" global_colors_info=\"{}\" custom_padding__hover=\"|||\"][et_pb_text admin_label=\"Text\" _builder_version=\"4.10.7\" background_size=\"initial\" background_position=\"top_left\" background_repeat=\"repeat\" global_colors_info=\"{}\"]<\/p><p><strong>FloorBridge International GmbH<\/strong><br \/>Gewerbepark 21<br \/>A-4101 Feldkirchen an der Donau<\/p><p>T: +43 7233 200 30<br \/>E-Mail: office@floorbridge.com<\/p><p>UID-Nummer: ATU67145305<br \/>Firmenbuch-Nummer: FN 377295x, LG Linz<br \/>Gerichtsstand: LG Linz<\/p><p>\u00a0<\/p><p>\u00a0<\/p><p><strong>Garantie und Haftungsausschluss<\/strong><br \/>Diese Webseite wurde mit gr\u00f6\u00dftm\u00f6glicher Sorgfalt zusammengestellt. Trotzdem k\u00f6nnen wir f\u00fcr die Fehlerfreiheit, Vollst\u00e4ndigkeit und Aktualit\u00e4t der enthaltenen Informationen nicht garantieren. Wir schlie\u00dfen jegliche Haftung f\u00fcr Sch\u00e4den, die direkt oder indirekt aus der Benutzung dieser Webseite entstehen, aus. Dies gilt auch f\u00fcr alle Verbindungen (\u201cLinks\u201d), auf die diese Webseite direkt oder indirekt verweist.<\/p><p><strong>Datenschutz<\/strong><br \/>S\u00e4mtliche auf dieser Webseite erhobenen pers\u00f6nlichen Daten werden ausschlie\u00dflich zu Ihrer individuellen Betreuung, der \u00dcbersendung von Informationen oder der Unterbreitung von Angeboten gespeichert und verarbeitet. Wir verpflichten uns, dass Ihre Angaben entsprechend den geltenden datenschutzrechtlichen Bestimmungen vertraulich behandelt werden. Der Datenschutz gilt ebenso f\u00fcr unsere Firmendaten, eine Weitergabe an Dritte ohne unsere schriftliche Einwilligung ist ausdr\u00fccklich untersagt. Hinweis zur geschlechtsneutralen Formulierung: Wir wenden uns mit unseren Aussagen an Sie als unsere Kundinnen und Kunden\/gesch\u00e4tzte Gesch\u00e4ftspartnerinnen und Gesch\u00e4ftspartner. In vollem Respekt und Wertsch\u00e4tzung f\u00fcr beiderlei Geschlechter gelten unsere getroffenen Formulierungen f\u00fcr das weibliche und m\u00e4nnliche Geschlecht gleicherma\u00dfen.<\/p><p><strong>Datenschutzhinweis von Google Analytics<\/strong><br \/>Diese Webseite benutzt Google Analytics, einen Webanalysedienst der Google Inc. (\u201eGoogle\u201c). Google Analytics verwendet sog. \u201eCookies\u201c, Textdateien, die auf Ihrem Computer gespeichert werden und die eine Analyse der Benutzung der Webseite durch Sie erm\u00f6glichen. Die durch den Cookie erzeugten Informationen \u00fcber Ihre Benutzung dieser Webseite (einschlie\u00dflich Ihrer IP-Adresse) werden an einen Server von Google in den USA \u00fcbertragen und dort gespeichert. Google wird diese Informationen benutzen, um Ihre Nutzung der Webseite auszuwerten, um Reports \u00fcber die Webseite-Aktivit\u00e4ten f\u00fcr die Webseite-Betreiber zusammenzustellen und um weitere mit der Webseite-Nutzung und der Internet-Nutzung verbundene Dienstleistungen zu erbringen. Auch wird Google diese Informationen gegebenenfalls an Dritte \u00fcbertragen, sofern dies gesetzlich vorgeschrieben ist oder soweit Dritte diese Daten im Auftrag von Google verarbeiten. Google wird in keinem Fall Ihre IP-Adresse mit anderen Daten der Google in Verbindung bringen. Sie k\u00f6nnen die Installation der Cookies durch eine entsprechende Einstellung Ihrer Browser-Software verhindern; wir weisen Sie jedoch darauf hin, dass Sie in diesem Fall gegebenenfalls nicht s\u00e4mtliche Funktionen dieser Webseite voll umf\u00e4nglich nutzen k\u00f6nnen. Durch die Nutzung dieser Webseite erkl\u00e4ren Sie sich mit der Bearbeitung der \u00fcber Sie erhobenen Daten durch Google - in der zuvor beschriebenen Art und Weise und zu dem zuvor benannten Zweck - einverstanden.<\/p><p>\u00a0<\/p><p>\u00a0<\/p><p>\u00a0<\/p><p>\u00a0<\/p><p>Design by CHARISM.AT - agentur & mehr<\/p><p>[\/et_pb_text][\/et_pb_column][\/et_pb_row][\/et_pb_section]<\/p>","_et_gb_content_width":"","footnotes":""},"class_list":["post-7584","page","type-page","status-publish","hentry"],"_links":{"self":[{"href":"https:\/\/www.floorbridge.com\/en\/wp-json\/wp\/v2\/pages\/7584","targetHints":{"allow":["GET"]}}],"collection":[{"href":"https:\/\/www.floorbridge.com\/en\/wp-json\/wp\/v2\/pages"}],"about":[{"href":"https:\/\/www.floorbridge.com\/en\/wp-json\/wp\/v2\/types\/page"}],"author":[{"embeddable":true,"href":"https:\/\/www.floorbridge.com\/en\/wp-json\/wp\/v2\/users\/6"}],"replies":[{"embeddable":true,"href":"https:\/\/www.floorbridge.com\/en\/wp-json\/wp\/v2\/comments?post=7584"}],"version-history":[{"count":0,"href":"https:\/\/www.floorbridge.com\/en\/wp-json\/wp\/v2\/pages\/7584\/revisions"}],"up":[{"embeddable":true,"href":"https:\/\/www.floorbridge.com\/en\/wp-json\/wp\/v2\/pages\/7578"}],"wp:attachment":[{"href":"https:\/\/www.floorbridge.com\/en\/wp-json\/wp\/v2\/media?parent=7584"}],"curies":[{"name":"wp","href":"https:\/\/api.w.org\/{rel}","templated":true}]}}